{"id":338,"date":"2019-03-13T11:06:51","date_gmt":"2019-03-13T15:06:51","guid":{"rendered":"https:\/\/entangledworlds.utoronto.ca\/?page_id=338"},"modified":"2019-03-22T15:57:13","modified_gmt":"2019-03-22T19:57:13","slug":"secil-dagtas","status":"publish","type":"page","link":"https:\/\/entangledworlds.utoronto.ca\/index.php\/secil-dagtas\/","title":{"rendered":"Secil Dagtas"},"content":{"rendered":"<p><strong><em><a href=\"https:\/\/entangledworlds.utoronto.ca\/wp-content\/uploads\/2019\/03\/Photo-Secil.jpg\"><img loading=\"lazy\" decoding=\"async\" class=\"alignleft size-medium wp-image-339\" src=\"https:\/\/entangledworlds.utoronto.ca\/wp-content\/uploads\/2019\/03\/Photo-Secil-300x200.jpg\" alt=\"\" width=\"300\" height=\"200\" srcset=\"https:\/\/entangledworlds.utoronto.ca\/wp-content\/uploads\/2019\/03\/Photo-Secil-300x200.jpg 300w, https:\/\/entangledworlds.utoronto.ca\/wp-content\/uploads\/2019\/03\/Photo-Secil-768x512.jpg 768w, https:\/\/entangledworlds.utoronto.ca\/wp-content\/uploads\/2019\/03\/Photo-Secil-1024x683.jpg 1024w\" sizes=\"auto, (max-width: 300px) 100vw, 300px\" \/><\/a><\/em><\/strong><\/p>\n<p>&nbsp;<\/p>\n<p>&nbsp;<\/p>\n<p>&nbsp;<\/p>\n<p>&nbsp;<\/p>\n<p><strong>Se\u00e7il Da\u011fta\u015f\u00a0<\/strong>is Assistant Professor at University of Waterloo, Canada and is a UofT alumnus.\u00a0Her main research interests lie in understanding how people make, cross and surpass religious boundaries with a particular focus on the relationship between Islam and secularism, the Islamic conduct with Christian and Jewish communities, and the legacy of the Ottoman regime of diversity in the Muslim world. Her current project entails an ethnographic study of refugee-minority relations along the Turkish Syrian border.<\/p>\n<p><strong>Lectures<\/strong>:<\/p>\n<ul>\n<li><strong>\u201cOn governing difference as a condition for sovereignty and non-sovereignties in Turkey&#8221;<\/strong><\/li>\n<\/ul>\n","protected":false},"excerpt":{"rendered":"<p>&nbsp; &nbsp; &nbsp; &nbsp; Se\u00e7il Da\u011fta\u015f\u00a0is Assistant Professor at University of Waterloo, Canada and is a UofT alumnus.\u00a0Her main research interests lie in understanding how people make, cross and surpass religious boundaries with a particular focus on the relationship between Islam and secularism, the Islamic conduct with Christian and Jewish communities, and the legacy of [&hellip;]<\/p>\n","protected":false},"author":3,"featured_media":0,"parent":0,"menu_order":0,"comment_status":"closed","ping_status":"closed","template":"","meta":{"_genesis_hide_title":false,"_genesis_hide_breadcrumbs":false,"_genesis_hide_singular_image":false,"_genesis_hide_footer_widgets":false,"_genesis_custom_body_class":"","_genesis_custom_post_class":"","_genesis_layout":"","footnotes":""},"class_list":{"0":"post-338","1":"page","2":"type-page","3":"status-publish","5":"entry","6":"has-post-thumbnail"},"_links":{"self":[{"href":"https:\/\/entangledworlds.utoronto.ca\/index.php\/wp-json\/wp\/v2\/pages\/338","targetHints":{"allow":["GET"]}}],"collection":[{"href":"https:\/\/entangledworlds.utoronto.ca\/index.php\/wp-json\/wp\/v2\/pages"}],"about":[{"href":"https:\/\/entangledworlds.utoronto.ca\/index.php\/wp-json\/wp\/v2\/types\/page"}],"author":[{"embeddable":true,"href":"https:\/\/entangledworlds.utoronto.ca\/index.php\/wp-json\/wp\/v2\/users\/3"}],"replies":[{"embeddable":true,"href":"https:\/\/entangledworlds.utoronto.ca\/index.php\/wp-json\/wp\/v2\/comments?post=338"}],"version-history":[{"count":4,"href":"https:\/\/entangledworlds.utoronto.ca\/index.php\/wp-json\/wp\/v2\/pages\/338\/revisions"}],"predecessor-version":[{"id":745,"href":"https:\/\/entangledworlds.utoronto.ca\/index.php\/wp-json\/wp\/v2\/pages\/338\/revisions\/745"}],"wp:attachment":[{"href":"https:\/\/entangledworlds.utoronto.ca\/index.php\/wp-json\/wp\/v2\/media?parent=338"}],"curies":[{"name":"wp","href":"https:\/\/api.w.org\/{rel}","templated":true}]}}